{"id":3723,"date":"2016-11-21T16:33:05","date_gmt":"2016-11-21T16:33:05","guid":{"rendered":"https:\/\/www.heritagemontreal.org\/activities\/activites-scolaires\/"},"modified":"2025-06-27T13:43:42","modified_gmt":"2025-06-27T17:43:42","slug":"pedagogical-resources","status":"publish","type":"page","link":"https:\/\/www.heritagemontreal.org\/en\/pedagogical-resources\/","title":{"rendered":"Pedagogical Resources"},"content":{"rendered":"<h3><strong>PEDAGOGICAL RESOURCES FOR TEACHERS <\/strong><\/h3>\n<h3>Secondary Cycle One<\/h3>\n<p>Heritage Montreal proposes new pedagogical modules that have been developed to support and accompany you in your teaching activities. Our teaching kit, comprised of activities and essential information on heritage, is available online and is designed to provide your students with the tools they need to observe, understand and ask questions about their environment. With your guidance and using the proposed resources, your students will take a fresh look at the buildings and sites around them; far from mere objects, they are a representation of artistic and urbanistic ingenuity as well as collective values.<\/p>\n<p>Take your students on a fascinating discovery of the sites and neighbourhoods that make Montreal so beautiful!<\/p>\n<h3><span style=\"color: #6ac4a7;\"><strong>PART 1 \u2013 HERITAGE, LET\u2019S TALK ABOUT IT?<\/strong><\/span><\/h3>\n<p>The first component introduces the idea of heritage, which will help your students understand this concept.<br \/>\nAdditional components will highlight other sectors in the metropolis or other sites of heritage interest.<\/p>\n<h3>Acknowledgements<\/h3>\n<p>This project was made possible with financial support from the gouvernement du Qu\u00e9bec.<\/p>\n<p><a href=\"https:\/\/www.heritagemontreal.org\/wp-content\/uploads\/2016\/11\/quebi2c.jpg\"><img loading=\"lazy\" decoding=\"async\" class=\"alignnone wp-image-4247\" src=\"https:\/\/www.heritagemontreal.org\/wp-content\/uploads\/2016\/11\/quebi2c-300x91.jpg\" alt=\"quebi2c\" width=\"197\" height=\"60\" srcset=\"https:\/\/www.heritagemontreal.org\/wp-content\/uploads\/2016\/11\/quebi2c-300x91.jpg 300w, https:\/\/www.heritagemontreal.org\/wp-content\/uploads\/2016\/11\/quebi2c.jpg 560w\" sizes=\"auto, (max-width: 197px) 100vw, 197px\" \/><\/a><\/p>\n<h3><span style=\"color: #6ac4a7;\"><strong>PART 2 \u2013 THE SQUARE MILE: A NEIGHBOURHOOD TO DISCOVER<\/strong><\/span><\/h3>\n<p>The\u00a0goal of this second component of our School Programs is to raise awareness on urban heritage of the Square Mile, its important role in collective memory, and how it is sometimes vulnerable.<\/p>\n","protected":false},"excerpt":{"rendered":"<p>PEDAGOGICAL RESOURCES FOR TEACHERS Secondary Cycle One Heritage Montreal proposes new pedagogical modules that have been developed to support and accompany you in your teaching activities. Our teaching kit, comprised of activities and essential information on heritage, is available online and is designed to provide your students with the tools they need to observe, understand [&hellip;]<\/p>\n","protected":false},"author":2,"featured_media":0,"parent":0,"menu_order":17,"comment_status":"closed","ping_status":"closed","template":"templates\/template-activities.php","meta":{"_acf_changed":false,"inline_featured_image":false,"footnotes":""},"class_list":["post-3723","page","type-page","status-publish","hentry"],"acf":[],"yoast_head":"<!-- This site is optimized with the Yoast SEO Premium plugin v27.1 (Yoast SEO v27.3) - https:\/\/yoast.com\/product\/yoast-seo-premium-wordpress\/ -->\n<title>Pedagogical Resources &#8211; H\u00e9ritage Montr\u00e9al<\/title>\n<meta name=\"robots\" content=\"index, follow, max-snippet:-1, max-image-preview:large, max-video-preview:-1\" \/>\n<link rel=\"canonical\" href=\"https:\/\/www.heritagemontreal.org\/en\/pedagogical-resources\/\" \/>\n<meta property=\"og:locale\" content=\"en_US\" \/>\n<meta property=\"og:type\" content=\"article\" \/>\n<meta property=\"og:title\" content=\"Pedagogical Resources\" \/>\n<meta property=\"og:description\" content=\"PEDAGOGICAL RESOURCES FOR TEACHERS Secondary Cycle One Heritage Montreal proposes new pedagogical modules that have been developed to support and accompany you in your teaching activities. Our teaching kit, comprised of activities and essential information on heritage, is available online and is designed to provide your students with the tools they need to observe, understand [&hellip;]\" \/>\n<meta property=\"og:url\" content=\"https:\/\/www.heritagemontreal.org\/en\/pedagogical-resources\/\" \/>\n<meta property=\"og:site_name\" content=\"H\u00e9ritage Montr\u00e9al\" \/>\n<meta property=\"article:publisher\" content=\"https:\/\/www.facebook.com\/heritagemontreal\" \/>\n<meta property=\"article:modified_time\" content=\"2025-06-27T17:43:42+00:00\" \/>\n<meta property=\"og:image\" content=\"https:\/\/www.heritagemontreal.org\/wp-content\/uploads\/2016\/11\/quebi2c.jpg\" \/>\n\t<meta property=\"og:image:width\" content=\"560\" \/>\n\t<meta property=\"og:image:height\" content=\"169\" \/>\n\t<meta property=\"og:image:type\" content=\"image\/jpeg\" \/>\n<meta name=\"twitter:card\" content=\"summary_large_image\" \/>\n<meta name=\"twitter:site\" content=\"@heritagemtl\" \/>\n<meta name=\"twitter:label1\" content=\"Est. reading time\" \/>\n\t<meta name=\"twitter:data1\" content=\"2 minutes\" \/>\n<script type=\"application\/ld+json\" class=\"yoast-schema-graph\">{\"@context\":\"https:\\\/\\\/schema.org\",\"@graph\":[{\"@type\":\"WebPage\",\"@id\":\"https:\\\/\\\/www.heritagemontreal.org\\\/en\\\/pedagogical-resources\\\/\",\"url\":\"https:\\\/\\\/www.heritagemontreal.org\\\/en\\\/pedagogical-resources\\\/\",\"name\":\"Pedagogical Resources &#8211; H\u00e9ritage Montr\u00e9al\",\"isPartOf\":{\"@id\":\"https:\\\/\\\/www.heritagemontreal.org\\\/en\\\/#website\"},\"primaryImageOfPage\":{\"@id\":\"https:\\\/\\\/www.heritagemontreal.org\\\/en\\\/pedagogical-resources\\\/#primaryimage\"},\"image\":{\"@id\":\"https:\\\/\\\/www.heritagemontreal.org\\\/en\\\/pedagogical-resources\\\/#primaryimage\"},\"thumbnailUrl\":\"https:\\\/\\\/www.heritagemontreal.org\\\/wp-content\\\/uploads\\\/2016\\\/11\\\/quebi2c-300x91.jpg\",\"datePublished\":\"2016-11-21T16:33:05+00:00\",\"dateModified\":\"2025-06-27T17:43:42+00:00\",\"breadcrumb\":{\"@id\":\"https:\\\/\\\/www.heritagemontreal.org\\\/en\\\/pedagogical-resources\\\/#breadcrumb\"},\"inLanguage\":\"en-US\",\"potentialAction\":[{\"@type\":\"ReadAction\",\"target\":[\"https:\\\/\\\/www.heritagemontreal.org\\\/en\\\/pedagogical-resources\\\/\"]}]},{\"@type\":\"ImageObject\",\"inLanguage\":\"en-US\",\"@id\":\"https:\\\/\\\/www.heritagemontreal.org\\\/en\\\/pedagogical-resources\\\/#primaryimage\",\"url\":\"https:\\\/\\\/www.heritagemontreal.org\\\/wp-content\\\/uploads\\\/2016\\\/11\\\/quebi2c-300x91.jpg\",\"contentUrl\":\"https:\\\/\\\/www.heritagemontreal.org\\\/wp-content\\\/uploads\\\/2016\\\/11\\\/quebi2c-300x91.jpg\"},{\"@type\":\"BreadcrumbList\",\"@id\":\"https:\\\/\\\/www.heritagemontreal.org\\\/en\\\/pedagogical-resources\\\/#breadcrumb\",\"itemListElement\":[{\"@type\":\"ListItem\",\"position\":1,\"name\":\"Accueil\",\"item\":\"https:\\\/\\\/www.heritagemontreal.org\\\/en\\\/\"},{\"@type\":\"ListItem\",\"position\":2,\"name\":\"Pedagogical Resources\"}]},{\"@type\":\"WebSite\",\"@id\":\"https:\\\/\\\/www.heritagemontreal.org\\\/en\\\/#website\",\"url\":\"https:\\\/\\\/www.heritagemontreal.org\\\/en\\\/\",\"name\":\"H\u00e9ritage Montr\u00e9al - Pour Montr\u00e9al, pour vous.\",\"description\":\"H\u00e9ritage Montr\u00e9al\",\"alternateName\":\"H\u00e9ritage Montr\u00e9al\",\"potentialAction\":[{\"@type\":\"SearchAction\",\"target\":{\"@type\":\"EntryPoint\",\"urlTemplate\":\"https:\\\/\\\/www.heritagemontreal.org\\\/en\\\/?s={search_term_string}\"},\"query-input\":{\"@type\":\"PropertyValueSpecification\",\"valueRequired\":true,\"valueName\":\"search_term_string\"}}],\"inLanguage\":\"en-US\"}]}<\/script>\n<!-- \/ Yoast SEO Premium plugin. -->","yoast_head_json":{"title":"Pedagogical Resources &#8211; H\u00e9ritage Montr\u00e9al","robots":{"index":"index","follow":"follow","max-snippet":"max-snippet:-1","max-image-preview":"max-image-preview:large","max-video-preview":"max-video-preview:-1"},"canonical":"https:\/\/www.heritagemontreal.org\/en\/pedagogical-resources\/","og_locale":"en_US","og_type":"article","og_title":"Pedagogical Resources","og_description":"PEDAGOGICAL RESOURCES FOR TEACHERS Secondary Cycle One Heritage Montreal proposes new pedagogical modules that have been developed to support and accompany you in your teaching activities. Our teaching kit, comprised of activities and essential information on heritage, is available online and is designed to provide your students with the tools they need to observe, understand [&hellip;]","og_url":"https:\/\/www.heritagemontreal.org\/en\/pedagogical-resources\/","og_site_name":"H\u00e9ritage Montr\u00e9al","article_publisher":"https:\/\/www.facebook.com\/heritagemontreal","article_modified_time":"2025-06-27T17:43:42+00:00","og_image":[{"width":560,"height":169,"url":"https:\/\/www.heritagemontreal.org\/wp-content\/uploads\/2016\/11\/quebi2c.jpg","type":"image\/jpeg"}],"twitter_card":"summary_large_image","twitter_site":"@heritagemtl","twitter_misc":{"Est. reading time":"2 minutes"},"schema":{"@context":"https:\/\/schema.org","@graph":[{"@type":"WebPage","@id":"https:\/\/www.heritagemontreal.org\/en\/pedagogical-resources\/","url":"https:\/\/www.heritagemontreal.org\/en\/pedagogical-resources\/","name":"Pedagogical Resources &#8211; H\u00e9ritage Montr\u00e9al","isPartOf":{"@id":"https:\/\/www.heritagemontreal.org\/en\/#website"},"primaryImageOfPage":{"@id":"https:\/\/www.heritagemontreal.org\/en\/pedagogical-resources\/#primaryimage"},"image":{"@id":"https:\/\/www.heritagemontreal.org\/en\/pedagogical-resources\/#primaryimage"},"thumbnailUrl":"https:\/\/www.heritagemontreal.org\/wp-content\/uploads\/2016\/11\/quebi2c-300x91.jpg","datePublished":"2016-11-21T16:33:05+00:00","dateModified":"2025-06-27T17:43:42+00:00","breadcrumb":{"@id":"https:\/\/www.heritagemontreal.org\/en\/pedagogical-resources\/#breadcrumb"},"inLanguage":"en-US","potentialAction":[{"@type":"ReadAction","target":["https:\/\/www.heritagemontreal.org\/en\/pedagogical-resources\/"]}]},{"@type":"ImageObject","inLanguage":"en-US","@id":"https:\/\/www.heritagemontreal.org\/en\/pedagogical-resources\/#primaryimage","url":"https:\/\/www.heritagemontreal.org\/wp-content\/uploads\/2016\/11\/quebi2c-300x91.jpg","contentUrl":"https:\/\/www.heritagemontreal.org\/wp-content\/uploads\/2016\/11\/quebi2c-300x91.jpg"},{"@type":"BreadcrumbList","@id":"https:\/\/www.heritagemontreal.org\/en\/pedagogical-resources\/#breadcrumb","itemListElement":[{"@type":"ListItem","position":1,"name":"Accueil","item":"https:\/\/www.heritagemontreal.org\/en\/"},{"@type":"ListItem","position":2,"name":"Pedagogical Resources"}]},{"@type":"WebSite","@id":"https:\/\/www.heritagemontreal.org\/en\/#website","url":"https:\/\/www.heritagemontreal.org\/en\/","name":"H\u00e9ritage Montr\u00e9al - Pour Montr\u00e9al, pour vous.","description":"H\u00e9ritage Montr\u00e9al","alternateName":"H\u00e9ritage Montr\u00e9al","potentialAction":[{"@type":"SearchAction","target":{"@type":"EntryPoint","urlTemplate":"https:\/\/www.heritagemontreal.org\/en\/?s={search_term_string}"},"query-input":{"@type":"PropertyValueSpecification","valueRequired":true,"valueName":"search_term_string"}}],"inLanguage":"en-US"}]}},"_links":{"self":[{"href":"https:\/\/www.heritagemontreal.org\/en\/wp-json\/wp\/v2\/pages\/3723","targetHints":{"allow":["GET"]}}],"collection":[{"href":"https:\/\/www.heritagemontreal.org\/en\/wp-json\/wp\/v2\/pages"}],"about":[{"href":"https:\/\/www.heritagemontreal.org\/en\/wp-json\/wp\/v2\/types\/page"}],"author":[{"embeddable":true,"href":"https:\/\/www.heritagemontreal.org\/en\/wp-json\/wp\/v2\/users\/2"}],"replies":[{"embeddable":true,"href":"https:\/\/www.heritagemontreal.org\/en\/wp-json\/wp\/v2\/comments?post=3723"}],"version-history":[{"count":0,"href":"https:\/\/www.heritagemontreal.org\/en\/wp-json\/wp\/v2\/pages\/3723\/revisions"}],"wp:attachment":[{"href":"https:\/\/www.heritagemontreal.org\/en\/wp-json\/wp\/v2\/media?parent=3723"}],"curies":[{"name":"wp","href":"https:\/\/api.w.org\/{rel}","templated":true}]}}