{"id":51045,"date":"2023-06-01T15:07:23","date_gmt":"2023-06-01T19:07:23","guid":{"rendered":"https:\/\/www.heritagemontreal.org\/documentation\/centre-de-documentation-ferme\/"},"modified":"2023-06-01T15:12:20","modified_gmt":"2023-06-01T19:12:20","slug":"centre-de-documentation-ferme","status":"publish","type":"page","link":"https:\/\/www.heritagemontreal.org\/en\/documentation\/centre-de-documentation-ferme\/","title":{"rendered":"Documentation Center"},"content":{"rendered":"","protected":false},"excerpt":{"rendered":"","protected":false},"author":2,"featured_media":0,"parent":561,"menu_order":30,"comment_status":"open","ping_status":"open","template":"templates\/template-scrollto.php","meta":{"_acf_changed":false,"inline_featured_image":false,"footnotes":""},"class_list":["post-51045","page","type-page","status-publish","hentry"],"acf":[],"yoast_head":"<!-- This site is optimized with the Yoast SEO Premium plugin v27.1 (Yoast SEO v27.3) - https:\/\/yoast.com\/product\/yoast-seo-premium-wordpress\/ -->\n<title>Documentation Center &#8211; H\u00e9ritage Montr\u00e9al<\/title>\n<meta name=\"robots\" content=\"index, follow, max-snippet:-1, max-image-preview:large, max-video-preview:-1\" \/>\n<link rel=\"canonical\" href=\"https:\/\/www.heritagemontreal.org\/en\/documentation\/centre-de-documentation-ferme\/\" \/>\n<meta property=\"og:locale\" content=\"en_US\" \/>\n<meta property=\"og:type\" content=\"article\" \/>\n<meta property=\"og:title\" content=\"Documentation Center\" \/>\n<meta property=\"og:url\" content=\"https:\/\/www.heritagemontreal.org\/en\/documentation\/centre-de-documentation-ferme\/\" \/>\n<meta property=\"og:site_name\" content=\"H\u00e9ritage Montr\u00e9al\" \/>\n<meta property=\"article:publisher\" content=\"https:\/\/www.facebook.com\/heritagemontreal\" \/>\n<meta property=\"article:modified_time\" content=\"2023-06-01T19:12:20+00:00\" \/>\n<meta property=\"og:image\" content=\"https:\/\/www.heritagemontreal.org\/wp-content\/uploads\/2022\/07\/og_image-5.jpg\" \/>\n\t<meta property=\"og:image:width\" content=\"925\" \/>\n\t<meta property=\"og:image:height\" content=\"482\" \/>\n\t<meta property=\"og:image:type\" content=\"image\/jpeg\" \/>\n<meta name=\"twitter:card\" content=\"summary_large_image\" \/>\n<meta name=\"twitter:site\" content=\"@heritagemtl\" \/>\n<script type=\"application\/ld+json\" class=\"yoast-schema-graph\">{\"@context\":\"https:\\\/\\\/schema.org\",\"@graph\":[{\"@type\":\"WebPage\",\"@id\":\"https:\\\/\\\/www.heritagemontreal.org\\\/en\\\/documentation\\\/centre-de-documentation-ferme\\\/\",\"url\":\"https:\\\/\\\/www.heritagemontreal.org\\\/en\\\/documentation\\\/centre-de-documentation-ferme\\\/\",\"name\":\"Documentation Center &#8211; H\u00e9ritage Montr\u00e9al\",\"isPartOf\":{\"@id\":\"https:\\\/\\\/www.heritagemontreal.org\\\/en\\\/#website\"},\"datePublished\":\"2023-06-01T19:07:23+00:00\",\"dateModified\":\"2023-06-01T19:12:20+00:00\",\"breadcrumb\":{\"@id\":\"https:\\\/\\\/www.heritagemontreal.org\\\/en\\\/documentation\\\/centre-de-documentation-ferme\\\/#breadcrumb\"},\"inLanguage\":\"en-US\",\"potentialAction\":[{\"@type\":\"ReadAction\",\"target\":[\"https:\\\/\\\/www.heritagemontreal.org\\\/en\\\/documentation\\\/centre-de-documentation-ferme\\\/\"]}]},{\"@type\":\"BreadcrumbList\",\"@id\":\"https:\\\/\\\/www.heritagemontreal.org\\\/en\\\/documentation\\\/centre-de-documentation-ferme\\\/#breadcrumb\",\"itemListElement\":[{\"@type\":\"ListItem\",\"position\":1,\"name\":\"Accueil\",\"item\":\"https:\\\/\\\/www.heritagemontreal.org\\\/en\\\/\"},{\"@type\":\"ListItem\",\"position\":2,\"name\":\"Documentation\",\"item\":\"https:\\\/\\\/www.heritagemontreal.org\\\/en\\\/documentation\\\/\"},{\"@type\":\"ListItem\",\"position\":3,\"name\":\"Documentation Center\"}]},{\"@type\":\"WebSite\",\"@id\":\"https:\\\/\\\/www.heritagemontreal.org\\\/en\\\/#website\",\"url\":\"https:\\\/\\\/www.heritagemontreal.org\\\/en\\\/\",\"name\":\"H\u00e9ritage Montr\u00e9al - Pour Montr\u00e9al, pour vous.\",\"description\":\"H\u00e9ritage Montr\u00e9al\",\"alternateName\":\"H\u00e9ritage Montr\u00e9al\",\"potentialAction\":[{\"@type\":\"SearchAction\",\"target\":{\"@type\":\"EntryPoint\",\"urlTemplate\":\"https:\\\/\\\/www.heritagemontreal.org\\\/en\\\/?s={search_term_string}\"},\"query-input\":{\"@type\":\"PropertyValueSpecification\",\"valueRequired\":true,\"valueName\":\"search_term_string\"}}],\"inLanguage\":\"en-US\"}]}<\/script>\n<!-- \/ Yoast SEO Premium plugin. -->","yoast_head_json":{"title":"Documentation Center &#8211; H\u00e9ritage Montr\u00e9al","robots":{"index":"index","follow":"follow","max-snippet":"max-snippet:-1","max-image-preview":"max-image-preview:large","max-video-preview":"max-video-preview:-1"},"canonical":"https:\/\/www.heritagemontreal.org\/en\/documentation\/centre-de-documentation-ferme\/","og_locale":"en_US","og_type":"article","og_title":"Documentation Center","og_url":"https:\/\/www.heritagemontreal.org\/en\/documentation\/centre-de-documentation-ferme\/","og_site_name":"H\u00e9ritage Montr\u00e9al","article_publisher":"https:\/\/www.facebook.com\/heritagemontreal","article_modified_time":"2023-06-01T19:12:20+00:00","og_image":[{"width":925,"height":482,"url":"https:\/\/www.heritagemontreal.org\/wp-content\/uploads\/2022\/07\/og_image-5.jpg","type":"image\/jpeg"}],"twitter_card":"summary_large_image","twitter_site":"@heritagemtl","schema":{"@context":"https:\/\/schema.org","@graph":[{"@type":"WebPage","@id":"https:\/\/www.heritagemontreal.org\/en\/documentation\/centre-de-documentation-ferme\/","url":"https:\/\/www.heritagemontreal.org\/en\/documentation\/centre-de-documentation-ferme\/","name":"Documentation Center &#8211; H\u00e9ritage Montr\u00e9al","isPartOf":{"@id":"https:\/\/www.heritagemontreal.org\/en\/#website"},"datePublished":"2023-06-01T19:07:23+00:00","dateModified":"2023-06-01T19:12:20+00:00","breadcrumb":{"@id":"https:\/\/www.heritagemontreal.org\/en\/documentation\/centre-de-documentation-ferme\/#breadcrumb"},"inLanguage":"en-US","potentialAction":[{"@type":"ReadAction","target":["https:\/\/www.heritagemontreal.org\/en\/documentation\/centre-de-documentation-ferme\/"]}]},{"@type":"BreadcrumbList","@id":"https:\/\/www.heritagemontreal.org\/en\/documentation\/centre-de-documentation-ferme\/#breadcrumb","itemListElement":[{"@type":"ListItem","position":1,"name":"Accueil","item":"https:\/\/www.heritagemontreal.org\/en\/"},{"@type":"ListItem","position":2,"name":"Documentation","item":"https:\/\/www.heritagemontreal.org\/en\/documentation\/"},{"@type":"ListItem","position":3,"name":"Documentation Center"}]},{"@type":"WebSite","@id":"https:\/\/www.heritagemontreal.org\/en\/#website","url":"https:\/\/www.heritagemontreal.org\/en\/","name":"H\u00e9ritage Montr\u00e9al - Pour Montr\u00e9al, pour vous.","description":"H\u00e9ritage Montr\u00e9al","alternateName":"H\u00e9ritage Montr\u00e9al","potentialAction":[{"@type":"SearchAction","target":{"@type":"EntryPoint","urlTemplate":"https:\/\/www.heritagemontreal.org\/en\/?s={search_term_string}"},"query-input":{"@type":"PropertyValueSpecification","valueRequired":true,"valueName":"search_term_string"}}],"inLanguage":"en-US"}]}},"_links":{"self":[{"href":"https:\/\/www.heritagemontreal.org\/en\/wp-json\/wp\/v2\/pages\/51045","targetHints":{"allow":["GET"]}}],"collection":[{"href":"https:\/\/www.heritagemontreal.org\/en\/wp-json\/wp\/v2\/pages"}],"about":[{"href":"https:\/\/www.heritagemontreal.org\/en\/wp-json\/wp\/v2\/types\/page"}],"author":[{"embeddable":true,"href":"https:\/\/www.heritagemontreal.org\/en\/wp-json\/wp\/v2\/users\/2"}],"replies":[{"embeddable":true,"href":"https:\/\/www.heritagemontreal.org\/en\/wp-json\/wp\/v2\/comments?post=51045"}],"version-history":[{"count":0,"href":"https:\/\/www.heritagemontreal.org\/en\/wp-json\/wp\/v2\/pages\/51045\/revisions"}],"up":[{"embeddable":true,"href":"https:\/\/www.heritagemontreal.org\/en\/wp-json\/wp\/v2\/pages\/561"}],"wp:attachment":[{"href":"https:\/\/www.heritagemontreal.org\/en\/wp-json\/wp\/v2\/media?parent=51045"}],"curies":[{"name":"wp","href":"https:\/\/api.w.org\/{rel}","templated":true}]}}