{"id":542,"date":"2015-07-13T14:23:29","date_gmt":"2015-07-13T14:23:29","guid":{"rendered":"http:\/\/heritage.dpthost.com\/qui-sommes-nous\/mission\/"},"modified":"2024-01-25T13:40:59","modified_gmt":"2024-01-25T18:40:59","slug":"our-mission","status":"publish","type":"page","link":"https:\/\/www.heritagemontreal.org\/en\/about-us\/our-mission\/","title":{"rendered":"Our mission"},"content":{"rendered":"<p>H\u00e9ritage Montr\u00e9al works to protect and promote the architectural, historical, natural and cultural heritage of Greater Montreal. Acting at the heart of a vast network of partners, H\u00e9ritage Montr\u00e9al, a private non-profit organization, acts through education, representation and concerted action to publicize, enhance and enrich the identity and uniqueness of Greater Montr\u00e9al, the demographic and economic heart of Quebec and home to the largest collection of heritage assets in the country.<\/p>\n","protected":false},"excerpt":{"rendered":"<p>H\u00e9ritage Montr\u00e9al works to protect and promote the architectural, historical, natural and cultural heritage of Greater Montreal. Acting at the heart of a vast network of partners, H\u00e9ritage Montr\u00e9al, a private non-profit organization, acts through education, representation and concerted action to publicize, enhance and enrich the identity and uniqueness of Greater Montr\u00e9al, the demographic and [&hellip;]<\/p>\n","protected":false},"author":2,"featured_media":0,"parent":540,"menu_order":64,"comment_status":"open","ping_status":"open","template":"templates\/template-standard.php","meta":{"_acf_changed":false,"inline_featured_image":false,"footnotes":""},"class_list":["post-542","page","type-page","status-publish","hentry"],"acf":[],"yoast_head":"<!-- This site is optimized with the Yoast SEO Premium plugin v27.1 (Yoast SEO v27.4) - https:\/\/yoast.com\/product\/yoast-seo-premium-wordpress\/ -->\n<title>Our mission &#8211; H\u00e9ritage Montr\u00e9al<\/title>\n<meta name=\"robots\" content=\"index, follow, max-snippet:-1, max-image-preview:large, max-video-preview:-1\" \/>\n<link rel=\"canonical\" href=\"https:\/\/www.heritagemontreal.org\/en\/about-us\/our-mission\/\" \/>\n<meta property=\"og:locale\" content=\"en_US\" \/>\n<meta property=\"og:type\" content=\"article\" \/>\n<meta property=\"og:title\" content=\"Our mission\" \/>\n<meta property=\"og:description\" content=\"H\u00e9ritage Montr\u00e9al works to protect and promote the architectural, historical, natural and cultural heritage of Greater Montreal. Acting at the heart of a vast network of partners, H\u00e9ritage Montr\u00e9al, a private non-profit organization, acts through education, representation and concerted action to publicize, enhance and enrich the identity and uniqueness of Greater Montr\u00e9al, the demographic and [&hellip;]\" \/>\n<meta property=\"og:url\" content=\"https:\/\/www.heritagemontreal.org\/en\/about-us\/our-mission\/\" \/>\n<meta property=\"og:site_name\" content=\"H\u00e9ritage Montr\u00e9al\" \/>\n<meta property=\"article:publisher\" content=\"https:\/\/www.facebook.com\/heritagemontreal\" \/>\n<meta property=\"article:modified_time\" content=\"2024-01-25T18:40:59+00:00\" \/>\n<meta property=\"og:image\" content=\"https:\/\/www.heritagemontreal.org\/wp-content\/uploads\/2022\/07\/og_image-5.jpg\" \/>\n\t<meta property=\"og:image:width\" content=\"925\" \/>\n\t<meta property=\"og:image:height\" content=\"482\" \/>\n\t<meta property=\"og:image:type\" content=\"image\/jpeg\" \/>\n<meta name=\"twitter:card\" content=\"summary_large_image\" \/>\n<meta name=\"twitter:site\" content=\"@heritagemtl\" \/>\n<meta name=\"twitter:label1\" content=\"Est. reading time\" \/>\n\t<meta name=\"twitter:data1\" content=\"1 minute\" \/>\n<script type=\"application\/ld+json\" class=\"yoast-schema-graph\">{\"@context\":\"https:\\\/\\\/schema.org\",\"@graph\":[{\"@type\":\"WebPage\",\"@id\":\"https:\\\/\\\/www.heritagemontreal.org\\\/en\\\/about-us\\\/our-mission\\\/\",\"url\":\"https:\\\/\\\/www.heritagemontreal.org\\\/en\\\/about-us\\\/our-mission\\\/\",\"name\":\"Our mission &#8211; H\u00e9ritage Montr\u00e9al\",\"isPartOf\":{\"@id\":\"https:\\\/\\\/www.heritagemontreal.org\\\/en\\\/#website\"},\"datePublished\":\"2015-07-13T14:23:29+00:00\",\"dateModified\":\"2024-01-25T18:40:59+00:00\",\"breadcrumb\":{\"@id\":\"https:\\\/\\\/www.heritagemontreal.org\\\/en\\\/about-us\\\/our-mission\\\/#breadcrumb\"},\"inLanguage\":\"en-US\",\"potentialAction\":[{\"@type\":\"ReadAction\",\"target\":[\"https:\\\/\\\/www.heritagemontreal.org\\\/en\\\/about-us\\\/our-mission\\\/\"]}]},{\"@type\":\"BreadcrumbList\",\"@id\":\"https:\\\/\\\/www.heritagemontreal.org\\\/en\\\/about-us\\\/our-mission\\\/#breadcrumb\",\"itemListElement\":[{\"@type\":\"ListItem\",\"position\":1,\"name\":\"Accueil\",\"item\":\"https:\\\/\\\/www.heritagemontreal.org\\\/en\\\/\"},{\"@type\":\"ListItem\",\"position\":2,\"name\":\"About us\",\"item\":\"https:\\\/\\\/www.heritagemontreal.org\\\/en\\\/about-us\\\/\"},{\"@type\":\"ListItem\",\"position\":3,\"name\":\"Our mission\"}]},{\"@type\":\"WebSite\",\"@id\":\"https:\\\/\\\/www.heritagemontreal.org\\\/en\\\/#website\",\"url\":\"https:\\\/\\\/www.heritagemontreal.org\\\/en\\\/\",\"name\":\"H\u00e9ritage Montr\u00e9al - Pour Montr\u00e9al, pour vous.\",\"description\":\"H\u00e9ritage Montr\u00e9al\",\"alternateName\":\"H\u00e9ritage Montr\u00e9al\",\"potentialAction\":[{\"@type\":\"SearchAction\",\"target\":{\"@type\":\"EntryPoint\",\"urlTemplate\":\"https:\\\/\\\/www.heritagemontreal.org\\\/en\\\/?s={search_term_string}\"},\"query-input\":{\"@type\":\"PropertyValueSpecification\",\"valueRequired\":true,\"valueName\":\"search_term_string\"}}],\"inLanguage\":\"en-US\"}]}<\/script>\n<!-- \/ Yoast SEO Premium plugin. -->","yoast_head_json":{"title":"Our mission &#8211; H\u00e9ritage Montr\u00e9al","robots":{"index":"index","follow":"follow","max-snippet":"max-snippet:-1","max-image-preview":"max-image-preview:large","max-video-preview":"max-video-preview:-1"},"canonical":"https:\/\/www.heritagemontreal.org\/en\/about-us\/our-mission\/","og_locale":"en_US","og_type":"article","og_title":"Our mission","og_description":"H\u00e9ritage Montr\u00e9al works to protect and promote the architectural, historical, natural and cultural heritage of Greater Montreal. Acting at the heart of a vast network of partners, H\u00e9ritage Montr\u00e9al, a private non-profit organization, acts through education, representation and concerted action to publicize, enhance and enrich the identity and uniqueness of Greater Montr\u00e9al, the demographic and [&hellip;]","og_url":"https:\/\/www.heritagemontreal.org\/en\/about-us\/our-mission\/","og_site_name":"H\u00e9ritage Montr\u00e9al","article_publisher":"https:\/\/www.facebook.com\/heritagemontreal","article_modified_time":"2024-01-25T18:40:59+00:00","og_image":[{"width":925,"height":482,"url":"https:\/\/www.heritagemontreal.org\/wp-content\/uploads\/2022\/07\/og_image-5.jpg","type":"image\/jpeg"}],"twitter_card":"summary_large_image","twitter_site":"@heritagemtl","twitter_misc":{"Est. reading time":"1 minute"},"schema":{"@context":"https:\/\/schema.org","@graph":[{"@type":"WebPage","@id":"https:\/\/www.heritagemontreal.org\/en\/about-us\/our-mission\/","url":"https:\/\/www.heritagemontreal.org\/en\/about-us\/our-mission\/","name":"Our mission &#8211; H\u00e9ritage Montr\u00e9al","isPartOf":{"@id":"https:\/\/www.heritagemontreal.org\/en\/#website"},"datePublished":"2015-07-13T14:23:29+00:00","dateModified":"2024-01-25T18:40:59+00:00","breadcrumb":{"@id":"https:\/\/www.heritagemontreal.org\/en\/about-us\/our-mission\/#breadcrumb"},"inLanguage":"en-US","potentialAction":[{"@type":"ReadAction","target":["https:\/\/www.heritagemontreal.org\/en\/about-us\/our-mission\/"]}]},{"@type":"BreadcrumbList","@id":"https:\/\/www.heritagemontreal.org\/en\/about-us\/our-mission\/#breadcrumb","itemListElement":[{"@type":"ListItem","position":1,"name":"Accueil","item":"https:\/\/www.heritagemontreal.org\/en\/"},{"@type":"ListItem","position":2,"name":"About us","item":"https:\/\/www.heritagemontreal.org\/en\/about-us\/"},{"@type":"ListItem","position":3,"name":"Our mission"}]},{"@type":"WebSite","@id":"https:\/\/www.heritagemontreal.org\/en\/#website","url":"https:\/\/www.heritagemontreal.org\/en\/","name":"H\u00e9ritage Montr\u00e9al - Pour Montr\u00e9al, pour vous.","description":"H\u00e9ritage Montr\u00e9al","alternateName":"H\u00e9ritage Montr\u00e9al","potentialAction":[{"@type":"SearchAction","target":{"@type":"EntryPoint","urlTemplate":"https:\/\/www.heritagemontreal.org\/en\/?s={search_term_string}"},"query-input":{"@type":"PropertyValueSpecification","valueRequired":true,"valueName":"search_term_string"}}],"inLanguage":"en-US"}]}},"_links":{"self":[{"href":"https:\/\/www.heritagemontreal.org\/en\/wp-json\/wp\/v2\/pages\/542","targetHints":{"allow":["GET"]}}],"collection":[{"href":"https:\/\/www.heritagemontreal.org\/en\/wp-json\/wp\/v2\/pages"}],"about":[{"href":"https:\/\/www.heritagemontreal.org\/en\/wp-json\/wp\/v2\/types\/page"}],"author":[{"embeddable":true,"href":"https:\/\/www.heritagemontreal.org\/en\/wp-json\/wp\/v2\/users\/2"}],"replies":[{"embeddable":true,"href":"https:\/\/www.heritagemontreal.org\/en\/wp-json\/wp\/v2\/comments?post=542"}],"version-history":[{"count":0,"href":"https:\/\/www.heritagemontreal.org\/en\/wp-json\/wp\/v2\/pages\/542\/revisions"}],"up":[{"embeddable":true,"href":"https:\/\/www.heritagemontreal.org\/en\/wp-json\/wp\/v2\/pages\/540"}],"wp:attachment":[{"href":"https:\/\/www.heritagemontreal.org\/en\/wp-json\/wp\/v2\/media?parent=542"}],"curies":[{"name":"wp","href":"https:\/\/api.w.org\/{rel}","templated":true}]}}