{"id":557,"date":"2015-08-15T20:10:41","date_gmt":"2015-08-15T20:10:41","guid":{"rendered":"http:\/\/heritage.dpthost.com\/activities\/evenements\/"},"modified":"2024-05-21T15:41:16","modified_gmt":"2024-05-21T19:41:16","slug":"online-content-library","status":"publish","type":"page","link":"https:\/\/www.heritagemontreal.org\/en\/activites2\/online-content-library\/","title":{"rendered":"Online content library"},"content":{"rendered":"\n<p>Access our online video collection: roundtable replays, virtual ArchitecTours, block tours, meetings, conferences and more!<\/p>\n\n\n\n<link rel='stylesheet' id='ff-dynamic-css2' type='text\/css' href='https:\/\/www.heritagemontreal.org\/wp-content\/resources\/flow-flow\/css\/stream-id2.css?ver=1738787318'\/><!-- Flow-Flow \u2014 Social stream plugin for WordPress -->\n<div class=\"ff-stream\" data-plugin=\"flow_flow\" id=\"ff-stream-2\"><span class=\"ff-loader\"><span\n            class=\"ff-square\"><\/span><span class=\"ff-square\"><\/span><span class=\"ff-square ff-last\"><\/span><span\n            class=\"ff-square ff-clear\"><\/span><span class=\"ff-square\"><\/span><span\n            class=\"ff-square ff-last\"><\/span><span class=\"ff-square ff-clear\"><\/span><span\n            class=\"ff-square\"><\/span><span class=\"ff-square ff-last\"><\/span><\/span><\/div>\n<svg aria-hidden=\"true\" style=\"position: absolute; width: 0; height: 0; overflow: hidden;\" version=\"1.1\">\n    <defs>\n        <symbol id=\"ff-icon-heart\" viewBox=\"0 0 48 48\">\n            <path\n                d=\"M34.6 3.1c-4.5 0-7.9 1.8-10.6 5.6-2.7-3.7-6.1-5.5-10.6-5.5C6 3.1 0 9.6 0 17.6c0 7.3 5.4 12 10.6 16.5.6.5 1.3 1.1 1.9 1.7l2.3 2c4.4 3.9 6.6 5.9 7.6 6.5.5.3 1.1.5 1.6.5s1.1-.2 1.6-.5c1-.6 2.8-2.2 7.8-6.8l2-1.8c.7-.6 1.3-1.2 2-1.7C42.7 29.6 48 25 48 17.6c0-8-6-14.5-13.4-14.5z\">\n            <\/path>\n        <\/symbol>\n    <\/defs>\n<\/svg>\n\n\n<script>\n    window.flow_flow_streams = window.flow_flow_streams || [];\n    window.flow_flow_streams.push({\"id\":\"2\",\"hash\":\"1775697297.c9d7e695aadb7e41d83f4235e780e36888d1b1c325be10842f3e434891c3a836cceb6c54655d680ec124de24b9bb2dbc\",\"stream\":{\"name\":\"Activit\\u00e9s en ligne\",\"cloud\":\"nope\",\"mod\":\"nope\",\"order\":\"compareByTime\",\"posts\":\"30\",\"page-posts\":\"30\",\"cache\":\"yep\",\"cache_lifetime\":\"10\",\"gallery\":\"yep\",\"gallery-type\":\"news\",\"private\":\"nope\",\"hide-on-desktop\":\"nope\",\"hide-on-mobile\":\"nope\",\"max-res\":\"yep\",\"show-only-media-posts\":\"nope\",\"titles\":\"yep\",\"hidemeta\":\"yep\",\"hidetext\":\"yep\",\"headingcolor\":\"rgb(59, 61, 64)\",\"subheadingcolor\":\"rgb(113, 113, 113)\",\"hhalign\":\"center\",\"bgcolor\":\"rgba(255, 255, 255, 0)\",\"filter\":\"yep\",\"filtercolor\":\"rgba(235, 156, 0, 0.96)\",\"mobileslider\":\"nope\",\"viewportin\":\"yep\",\"width\":\"260\",\"margin\":\"20\",\"layout\":\"masonry\",\"theme\":\"classic\",\"gc-style\":\"style-1\",\"upic-pos\":\"timestamp\",\"upic-style\":\"square\",\"bradius\":\"15\",\"icon-style\":\"label1\",\"icon-col\":\"colored\",\"cardcolor\":\"rgb(240, 240, 240)\",\"namecolor\":\"rgb(59, 61, 64)\",\"textcolor\":\"rgb(137, 137, 137)\",\"linkscolor\":\"rgb(94, 159, 202)\",\"restcolor\":\"rgb(132, 118, 129)\",\"shadow\":\"rgba(0, 0, 0, 0.2)\",\"bcolor\":\"rgba(0, 0, 0, 0.75)\",\"talign\":\"left\",\"icons-style\":\"outline\",\"cards-num\":\"3\",\"scrolltop\":\"yep\",\"c-desktop\":\"5\",\"c-laptop\":\"4\",\"c-tablet-l\":\"3\",\"c-tablet-p\":\"2\",\"c-smart-l\":\"2\",\"c-smart-p\":\"1\",\"s-desktop\":\"15\",\"s-laptop\":\"15\",\"s-tablet-l\":\"10\",\"s-tablet-p\":\"10\",\"s-smart-l\":\"15\",\"s-smart-p\":\"15\",\"m-c-desktop\":\"4\",\"m-c-laptop\":\"3\",\"m-c-tablet-l\":\"2\",\"m-c-tablet-p\":\"2\",\"m-c-smart-l\":\"2\",\"m-c-smart-p\":\"1\",\"m-s-desktop\":\"15\",\"m-s-laptop\":\"15\",\"m-s-tablet-l\":\"10\",\"m-s-tablet-p\":\"10\",\"m-s-smart-l\":\"15\",\"m-s-smart-p\":\"15\",\"j-h-desktop\":\"260\",\"j-h-laptop\":\"240\",\"j-h-tablet-l\":\"220\",\"j-h-tablet-p\":\"200\",\"j-h-smart-l\":\"180\",\"j-h-smart-p\":\"160\",\"j-s-desktop\":\"0\",\"j-s-laptop\":\"0\",\"j-s-tablet-l\":\"0\",\"j-s-tablet-p\":\"0\",\"j-s-smart-l\":\"0\",\"j-s-smart-p\":\"0\",\"c-r-desktop\":\"2\",\"c-r-laptop\":\"2\",\"c-r-tablet-l\":\"2\",\"c-r-tablet-p\":\"2\",\"c-r-smart-l\":\"2\",\"c-r-smart-p\":\"2\",\"c-c-desktop\":\"5\",\"c-c-laptop\":\"4\",\"c-c-tablet-l\":\"3\",\"c-c-tablet-p\":\"3\",\"c-c-smart-l\":\"2\",\"c-c-smart-p\":\"2\",\"c-s-desktop\":\"0\",\"c-s-laptop\":\"0\",\"c-s-tablet-l\":\"0\",\"c-s-tablet-p\":\"0\",\"c-s-smart-l\":\"0\",\"c-s-smart-p\":\"0\",\"c-arrows-always\":\"yep\",\"c-arrows-mob\":\"nope\",\"c-dots\":\"yep\",\"c-dots-mob\":\"nope\",\"wallvm\":\"20\",\"wallhm\":\"0\",\"wallcomments\":\"yep\",\"g-ratio-w\":\"1\",\"g-ratio-h\":\"2\",\"g-ratio-img\":\"1\\\/2\",\"g-overlay\":\"nope\",\"m-overlay\":\"nope\",\"css\":\"#ff-stream-2 {z-index:2!important}\",\"template\":[\"image\",\"header\",\"text\",\"meta\"],\"tv\":\"nope\",\"tv-int\":\"5\",\"big\":\"nope\",\"id\":\"2\",\"last_changes\":1738787318,\"status\":\"1\",\"feeds\":[{\"id\":\"py69203\",\"errors\":[],\"status\":\"1\",\"enabled\":\"yep\",\"last_update\":\"Apr 8 21:14\",\"cache_lifetime\":\"1440\",\"system_enabled\":\"1\",\"boosted\":\"nope\",\"timeline-type\":\"channel\",\"content\":\"UCdBslALKNntkUWg3tmvVmXw\",\"playlist-order\":\"nope\",\"posts\":\"10\",\"mod\":\"nope\",\"mod-approve\":\"yep\",\"type\":\"youtube\",\"include\":\"\",\"filter-by-words\":\"\",\"page\":\"1\"}],\"preview\":false},\"ads\":false,\"js_opts\":{\"streams\":{},\"open_in_new\":\"yep\",\"filter_all\":\"All\",\"filter_search\":\"Search\",\"expand_text\":\"Expand\",\"collapse_text\":\"Collapse\",\"posted_on\":\"Posted on\",\"followers\":\"Followers\",\"following\":\"Following\",\"posts\":\"Posts\",\"show_more\":\"Show more\",\"date_style\":\"agoStyleDate\",\"dates\":{\"Yesterday\":\"Yesterday\",\"s\":\"s\",\"m\":\"m\",\"h\":\"h\",\"ago\":\"ago\",\"months\":[\"Jan\",\"Feb\",\"March\",\"April\",\"May\",\"June\",\"July\",\"Aug\",\"Sept\",\"Oct\",\"Nov\",\"Dec\"]},\"lightbox_navigate\":\"Navigate with arrow keys\",\"view_on\":\"View on\",\"view_on_site\":\"View on site\",\"view_all\":\"View all\",\"comments\":\"comments\",\"scroll\":\"Scroll for more\",\"no_comments\":\"No comments yet.\",\"check_comments\":\"Check all comments\",\"be_first\":\"Be the first!\",\"loading\":\"Loading\",\"server_time\":1775754267,\"forceHTTPS\":\"nope\",\"isAdmin\":false,\"ajaxurl\":\"https:\\\/\\\/www.heritagemontreal.org\\\/wp-admin\\\/admin-ajax.php\",\"isLog\":false,\"plugin_base\":\"https:\\\/\\\/www.heritagemontreal.org\\\/wp-content\\\/plugins\\\/flow-flow\",\"plugin_ver\":\"4.9.85\",\"domain\":\"www.heritagemontreal.org\",\"refresh_nonce\":\"34bb1edcfd\",\"token\":\"\"},\"domain\":\"www.heritagemontreal.org\",\"plugin_directory\":\"https:\\\/\\\/www.heritagemontreal.org\\\/wp-content\\\/plugins\\\/flow-flow\",\"plugin_base\":\"https:\\\/\\\/www.heritagemontreal.org\\\/wp-content\\\/plugins\\\/flow-flow\",\"version\":\"4.9.85\",\"ajaxurl\":\"https:\\\/\\\/www.heritagemontreal.org\\\/wp-admin\\\/admin-ajax.php\",\"disableCache\":false,\"page\":\"0\",\"is_preview\":false,\"boosted\":false,\"moderation\":false,\"admin\":false,\"dependencies\":[]});\n<\/script>\n\n<script src=\"https:\/\/www.heritagemontreal.org\/wp-content\/plugins\/flow-flow\/js\/stream-loader.js?ver=4.9.85\"><\/script>\n<!-- Flow-Flow \u2014 Social streams plugin for Wordpress -->\n","protected":false},"excerpt":{"rendered":"<p>Access our online video collection: roundtable replays, virtual ArchitecTours, block tours, meetings, conferences and more!<\/p>\n","protected":false},"author":2,"featured_media":0,"parent":553,"menu_order":19,"comment_status":"open","ping_status":"open","template":"templates\/template-full-width.php","meta":{"_acf_changed":false,"inline_featured_image":false,"footnotes":""},"class_list":["post-557","page","type-page","status-publish","hentry"],"acf":[],"yoast_head":"<!-- This site is optimized with the Yoast SEO Premium plugin v27.1 (Yoast SEO v27.3) - https:\/\/yoast.com\/product\/yoast-seo-premium-wordpress\/ -->\n<title>Online content library &#8211; H\u00e9ritage Montr\u00e9al<\/title>\n<meta name=\"robots\" content=\"index, follow, max-snippet:-1, max-image-preview:large, max-video-preview:-1\" \/>\n<link rel=\"canonical\" href=\"https:\/\/www.heritagemontreal.org\/en\/activites2\/online-content-library\/\" \/>\n<meta property=\"og:locale\" content=\"en_US\" \/>\n<meta property=\"og:type\" content=\"article\" \/>\n<meta property=\"og:title\" content=\"Online content library\" \/>\n<meta property=\"og:description\" content=\"Access our online video collection: roundtable replays, virtual ArchitecTours, block tours, meetings, conferences and more!\" \/>\n<meta property=\"og:url\" content=\"https:\/\/www.heritagemontreal.org\/en\/activites2\/online-content-library\/\" \/>\n<meta property=\"og:site_name\" content=\"H\u00e9ritage Montr\u00e9al\" \/>\n<meta property=\"article:publisher\" content=\"https:\/\/www.facebook.com\/heritagemontreal\" \/>\n<meta property=\"article:modified_time\" content=\"2024-05-21T19:41:16+00:00\" \/>\n<meta property=\"og:image\" content=\"https:\/\/www.heritagemontreal.org\/wp-content\/uploads\/2022\/07\/og_image-5.jpg\" \/>\n\t<meta property=\"og:image:width\" content=\"925\" \/>\n\t<meta property=\"og:image:height\" content=\"482\" \/>\n\t<meta property=\"og:image:type\" content=\"image\/jpeg\" \/>\n<meta name=\"twitter:card\" content=\"summary_large_image\" \/>\n<meta name=\"twitter:site\" content=\"@heritagemtl\" \/>\n<meta name=\"twitter:label1\" content=\"Est. reading time\" \/>\n\t<meta name=\"twitter:data1\" content=\"1 minute\" \/>\n<script type=\"application\/ld+json\" class=\"yoast-schema-graph\">{\"@context\":\"https:\\\/\\\/schema.org\",\"@graph\":[{\"@type\":\"WebPage\",\"@id\":\"https:\\\/\\\/www.heritagemontreal.org\\\/en\\\/activites2\\\/online-content-library\\\/\",\"url\":\"https:\\\/\\\/www.heritagemontreal.org\\\/en\\\/activites2\\\/online-content-library\\\/\",\"name\":\"Online content library &#8211; H\u00e9ritage Montr\u00e9al\",\"isPartOf\":{\"@id\":\"https:\\\/\\\/www.heritagemontreal.org\\\/en\\\/#website\"},\"datePublished\":\"2015-08-15T20:10:41+00:00\",\"dateModified\":\"2024-05-21T19:41:16+00:00\",\"breadcrumb\":{\"@id\":\"https:\\\/\\\/www.heritagemontreal.org\\\/en\\\/activites2\\\/online-content-library\\\/#breadcrumb\"},\"inLanguage\":\"en-US\",\"potentialAction\":[{\"@type\":\"ReadAction\",\"target\":[\"https:\\\/\\\/www.heritagemontreal.org\\\/en\\\/activites2\\\/online-content-library\\\/\"]}]},{\"@type\":\"BreadcrumbList\",\"@id\":\"https:\\\/\\\/www.heritagemontreal.org\\\/en\\\/activites2\\\/online-content-library\\\/#breadcrumb\",\"itemListElement\":[{\"@type\":\"ListItem\",\"position\":1,\"name\":\"Accueil\",\"item\":\"https:\\\/\\\/www.heritagemontreal.org\\\/en\\\/\"},{\"@type\":\"ListItem\",\"position\":2,\"name\":\"Activit\u00e9s\",\"item\":\"https:\\\/\\\/www.heritagemontreal.org\\\/en\\\/activites2\\\/\"},{\"@type\":\"ListItem\",\"position\":3,\"name\":\"Online content library\"}]},{\"@type\":\"WebSite\",\"@id\":\"https:\\\/\\\/www.heritagemontreal.org\\\/en\\\/#website\",\"url\":\"https:\\\/\\\/www.heritagemontreal.org\\\/en\\\/\",\"name\":\"H\u00e9ritage Montr\u00e9al - Pour Montr\u00e9al, pour vous.\",\"description\":\"H\u00e9ritage Montr\u00e9al\",\"alternateName\":\"H\u00e9ritage Montr\u00e9al\",\"potentialAction\":[{\"@type\":\"SearchAction\",\"target\":{\"@type\":\"EntryPoint\",\"urlTemplate\":\"https:\\\/\\\/www.heritagemontreal.org\\\/en\\\/?s={search_term_string}\"},\"query-input\":{\"@type\":\"PropertyValueSpecification\",\"valueRequired\":true,\"valueName\":\"search_term_string\"}}],\"inLanguage\":\"en-US\"}]}<\/script>\n<!-- \/ Yoast SEO Premium plugin. -->","yoast_head_json":{"title":"Online content library &#8211; H\u00e9ritage Montr\u00e9al","robots":{"index":"index","follow":"follow","max-snippet":"max-snippet:-1","max-image-preview":"max-image-preview:large","max-video-preview":"max-video-preview:-1"},"canonical":"https:\/\/www.heritagemontreal.org\/en\/activites2\/online-content-library\/","og_locale":"en_US","og_type":"article","og_title":"Online content library","og_description":"Access our online video collection: roundtable replays, virtual ArchitecTours, block tours, meetings, conferences and more!","og_url":"https:\/\/www.heritagemontreal.org\/en\/activites2\/online-content-library\/","og_site_name":"H\u00e9ritage Montr\u00e9al","article_publisher":"https:\/\/www.facebook.com\/heritagemontreal","article_modified_time":"2024-05-21T19:41:16+00:00","og_image":[{"width":925,"height":482,"url":"https:\/\/www.heritagemontreal.org\/wp-content\/uploads\/2022\/07\/og_image-5.jpg","type":"image\/jpeg"}],"twitter_card":"summary_large_image","twitter_site":"@heritagemtl","twitter_misc":{"Est. reading time":"1 minute"},"schema":{"@context":"https:\/\/schema.org","@graph":[{"@type":"WebPage","@id":"https:\/\/www.heritagemontreal.org\/en\/activites2\/online-content-library\/","url":"https:\/\/www.heritagemontreal.org\/en\/activites2\/online-content-library\/","name":"Online content library &#8211; H\u00e9ritage Montr\u00e9al","isPartOf":{"@id":"https:\/\/www.heritagemontreal.org\/en\/#website"},"datePublished":"2015-08-15T20:10:41+00:00","dateModified":"2024-05-21T19:41:16+00:00","breadcrumb":{"@id":"https:\/\/www.heritagemontreal.org\/en\/activites2\/online-content-library\/#breadcrumb"},"inLanguage":"en-US","potentialAction":[{"@type":"ReadAction","target":["https:\/\/www.heritagemontreal.org\/en\/activites2\/online-content-library\/"]}]},{"@type":"BreadcrumbList","@id":"https:\/\/www.heritagemontreal.org\/en\/activites2\/online-content-library\/#breadcrumb","itemListElement":[{"@type":"ListItem","position":1,"name":"Accueil","item":"https:\/\/www.heritagemontreal.org\/en\/"},{"@type":"ListItem","position":2,"name":"Activit\u00e9s","item":"https:\/\/www.heritagemontreal.org\/en\/activites2\/"},{"@type":"ListItem","position":3,"name":"Online content library"}]},{"@type":"WebSite","@id":"https:\/\/www.heritagemontreal.org\/en\/#website","url":"https:\/\/www.heritagemontreal.org\/en\/","name":"H\u00e9ritage Montr\u00e9al - Pour Montr\u00e9al, pour vous.","description":"H\u00e9ritage Montr\u00e9al","alternateName":"H\u00e9ritage Montr\u00e9al","potentialAction":[{"@type":"SearchAction","target":{"@type":"EntryPoint","urlTemplate":"https:\/\/www.heritagemontreal.org\/en\/?s={search_term_string}"},"query-input":{"@type":"PropertyValueSpecification","valueRequired":true,"valueName":"search_term_string"}}],"inLanguage":"en-US"}]}},"_links":{"self":[{"href":"https:\/\/www.heritagemontreal.org\/en\/wp-json\/wp\/v2\/pages\/557","targetHints":{"allow":["GET"]}}],"collection":[{"href":"https:\/\/www.heritagemontreal.org\/en\/wp-json\/wp\/v2\/pages"}],"about":[{"href":"https:\/\/www.heritagemontreal.org\/en\/wp-json\/wp\/v2\/types\/page"}],"author":[{"embeddable":true,"href":"https:\/\/www.heritagemontreal.org\/en\/wp-json\/wp\/v2\/users\/2"}],"replies":[{"embeddable":true,"href":"https:\/\/www.heritagemontreal.org\/en\/wp-json\/wp\/v2\/comments?post=557"}],"version-history":[{"count":0,"href":"https:\/\/www.heritagemontreal.org\/en\/wp-json\/wp\/v2\/pages\/557\/revisions"}],"up":[{"embeddable":true,"href":"https:\/\/www.heritagemontreal.org\/en\/wp-json\/wp\/v2\/pages\/553"}],"wp:attachment":[{"href":"https:\/\/www.heritagemontreal.org\/en\/wp-json\/wp\/v2\/media?parent=557"}],"curies":[{"name":"wp","href":"https:\/\/api.w.org\/{rel}","templated":true}]}}