{"id":57002,"date":"2025-03-17T13:37:38","date_gmt":"2025-03-17T17:37:38","guid":{"rendered":"https:\/\/www.heritagemontreal.org\/?page_id=57002"},"modified":"2025-03-17T16:31:06","modified_gmt":"2025-03-17T20:31:06","slug":"volunteer-guides-needed-heritage-montreal","status":"publish","type":"page","link":"https:\/\/www.heritagemontreal.org\/en\/volunteer-guides-needed-heritage-montreal\/","title":{"rendered":"Volunteer guides needed"},"content":{"rendered":"<div class=\"activites\">\n<h2>Guided tours Architectours\u00ae, 2025 edition<\/h2>\n<figure class=\"wp-block-image size-large\"><\/figure>\n<p><img loading=\"lazy\" decoding=\"async\" class=\"aligncenter wp-image-57020 size-full\" src=\"https:\/\/www.heritagemontreal.org\/wp-content\/uploads\/2025\/03\/infolettre_en_visuels_guides_benevoles_appel2025.jpg\" alt=\"\" width=\"1200\" height=\"675\" srcset=\"https:\/\/www.heritagemontreal.org\/wp-content\/uploads\/2025\/03\/infolettre_en_visuels_guides_benevoles_appel2025.jpg 1200w, https:\/\/www.heritagemontreal.org\/wp-content\/uploads\/2025\/03\/infolettre_en_visuels_guides_benevoles_appel2025-300x169.jpg 300w, https:\/\/www.heritagemontreal.org\/wp-content\/uploads\/2025\/03\/infolettre_en_visuels_guides_benevoles_appel2025-1024x576.jpg 1024w, https:\/\/www.heritagemontreal.org\/wp-content\/uploads\/2025\/03\/infolettre_en_visuels_guides_benevoles_appel2025-768x432.jpg 768w\" sizes=\"auto, (max-width: 1200px) 100vw, 1200px\" \/><\/p>\n<p><strong>Do you want to share your passion for Montreal and learn more about its architecture and history?<\/strong> Would you like to contribute to heritage awareness and promotion? Join H\u00e9ritage Montr\u00e9al&#8217;s team of volunteer guides! We are currently recruiting volunteer guides for our next edition of ArchitecTours\u00ae guided tours.<\/p>\n<hr \/>\n<h3>Required qualities<\/h3>\n<ul class=\"red\">\n<li>Students, graduates or individuals with excellent knowledge in one of the following fields Architecture, urban planning, conservation of built heritage, art history, history or other related field<\/li>\n<li>Interest in Montreal&#8217;s heritage, architecture, urban planning and\/or history<\/li>\n<li>Excellent speaking skills, ability to stimulate the curiosity of visitors<\/li>\n<li>Interest in research, ability to synthesize and personalize a visit scenario.<\/li>\n<\/ul>\n<hr \/>\n<h3>Tasks description<\/h3>\n<ul class=\"red\">\n<li>Mandatory attendance at 4 training sessions in May 2025. (Most of the training sessions will be held in French)<\/li>\n<li>From a basic scenario, complete the research of information and consolidate into a complete visit scenario (on average 30 hours of preparation)<\/li>\n<li>Be available in July and August for tour preparation (additional research, group practice)<\/li>\n<li>Conduct English or French tours (three to four tours in the season, between August 2 and October 5, 2025)<\/li>\n<\/ul>\n<hr \/>\n<h3>Getting involved with H\u00e9ritage Montr\u00e9al means :<\/h3>\n<ul class=\"red\">\n<li>Share your passion for Montreal and its heritage<\/li>\n<li>Learn and discover the heritage of different neighborhoods<\/li>\n<li>Develop your public speaking skills<\/li>\n<li>Gain experience in a recognized heritage organization<\/li>\n<\/ul>\n<p>In 2025, we celebrate <strong>50 years of commitment to the preservation<\/strong> and promotion of Montreal&#8217;s heritage. By joining our movement, you are contributing to this essential mission, which for half a century has been shaping the future of the city&#8217;s architectural, historical, natural and cultural heritage.<\/p>\n<hr \/>\n<p><strong>If you are interested in joining our team of guides, please send us your resume and a paragraph explaining your motivation to become a volunteer by March 31, 2025, to the attention of V\u00e9ronika Brandl-Mouton, Chief, Programs and Activities, by e-mail at: <a href=\"mailto:rh@heritagemontreal.org\" target=\"_blank\" rel=\"noopener\">rh@heritagemontreal.org<\/a>.<\/strong><\/p>\n<hr \/>\n<h3>About H\u00e9ritage Montr\u00e9al<\/h3>\n<p>H\u00e9ritage Montr\u00e9al works for 50 years to protect and promote the architectural, historical, natural and cultural heritage of the Greater Montreal area. Acting at the heart of a vast network of partners, H\u00e9ritage Montr\u00e9al, a private non-profit organization, acts through education, representation and consultation to promote, enhance and enrich the identity and specificities of the Greater Montreal area, the demographic and economic heart of Quebec and home to the largest collection of heritage properties in the country.<\/p>\n<h3>About ArchitecTours\u00ae<\/h3>\n<p>These tours are designed to promote knowledge and discovery of Montreal&#8217;s heritage. Presented since 1988, they attract an average of 1,500 visitors a year, offering original themed tours of the architecture and urban planning of Montreal&#8217;s neighborhoods.<\/p>\n<\/div>\n","protected":false},"excerpt":{"rendered":"<p>Guided tours Architectours\u00ae, 2025 edition Do you want to share your passion for Montreal and learn more about its architecture and history? Would you like to contribute to heritage awareness and promotion? Join H\u00e9ritage Montr\u00e9al&#8217;s team of volunteer guides! We are currently recruiting volunteer guides for our next edition of ArchitecTours\u00ae guided tours. Required qualities [&hellip;]<\/p>\n","protected":false},"author":2,"featured_media":57020,"parent":0,"menu_order":8,"comment_status":"closed","ping_status":"closed","template":"templates\/template-activities.php","meta":{"_acf_changed":false,"inline_featured_image":false,"footnotes":""},"class_list":["post-57002","page","type-page","status-publish","has-post-thumbnail","hentry"],"acf":[],"yoast_head":"<!-- This site is optimized with the Yoast SEO Premium plugin v27.4 (Yoast SEO v27.5) - https:\/\/yoast.com\/product\/yoast-seo-premium-wordpress\/ -->\n<title>Volunteer guides needed &#8211; H\u00e9ritage Montr\u00e9al<\/title>\n<meta name=\"robots\" content=\"index, follow, max-snippet:-1, max-image-preview:large, max-video-preview:-1\" \/>\n<link rel=\"canonical\" href=\"https:\/\/www.heritagemontreal.org\/en\/volunteer-guides-needed-heritage-montreal\/\" \/>\n<meta property=\"og:locale\" content=\"en_US\" \/>\n<meta property=\"og:type\" content=\"article\" \/>\n<meta property=\"og:title\" content=\"Volunteer guides needed\" \/>\n<meta property=\"og:description\" content=\"Guided tours Architectours\u00ae, 2025 edition Do you want to share your passion for Montreal and learn more about its architecture and history? Would you like to contribute to heritage awareness and promotion? Join H\u00e9ritage Montr\u00e9al&#8217;s team of volunteer guides! We are currently recruiting volunteer guides for our next edition of ArchitecTours\u00ae guided tours. Required qualities [&hellip;]\" \/>\n<meta property=\"og:url\" content=\"https:\/\/www.heritagemontreal.org\/en\/volunteer-guides-needed-heritage-montreal\/\" \/>\n<meta property=\"og:site_name\" content=\"H\u00e9ritage Montr\u00e9al\" \/>\n<meta property=\"article:publisher\" content=\"https:\/\/www.facebook.com\/heritagemontreal\" \/>\n<meta property=\"article:modified_time\" content=\"2025-03-17T20:31:06+00:00\" \/>\n<meta property=\"og:image\" content=\"https:\/\/www.heritagemontreal.org\/wp-content\/uploads\/2025\/03\/infolettre_en_visuels_guides_benevoles_appel2025.jpg\" \/>\n\t<meta property=\"og:image:width\" content=\"1200\" \/>\n\t<meta property=\"og:image:height\" content=\"675\" \/>\n\t<meta property=\"og:image:type\" content=\"image\/jpeg\" \/>\n<meta name=\"twitter:card\" content=\"summary_large_image\" \/>\n<meta name=\"twitter:site\" content=\"@heritagemtl\" \/>\n<meta name=\"twitter:label1\" content=\"Est. reading time\" \/>\n\t<meta name=\"twitter:data1\" content=\"3 minutes\" \/>\n<script type=\"application\/ld+json\" class=\"yoast-schema-graph\">{\"@context\":\"https:\\\/\\\/schema.org\",\"@graph\":[{\"@type\":\"WebPage\",\"@id\":\"https:\\\/\\\/www.heritagemontreal.org\\\/en\\\/volunteer-guides-needed-heritage-montreal\\\/\",\"url\":\"https:\\\/\\\/www.heritagemontreal.org\\\/en\\\/volunteer-guides-needed-heritage-montreal\\\/\",\"name\":\"Volunteer guides needed &#8211; H\u00e9ritage Montr\u00e9al\",\"isPartOf\":{\"@id\":\"https:\\\/\\\/www.heritagemontreal.org\\\/en\\\/#website\"},\"primaryImageOfPage\":{\"@id\":\"https:\\\/\\\/www.heritagemontreal.org\\\/en\\\/volunteer-guides-needed-heritage-montreal\\\/#primaryimage\"},\"image\":{\"@id\":\"https:\\\/\\\/www.heritagemontreal.org\\\/en\\\/volunteer-guides-needed-heritage-montreal\\\/#primaryimage\"},\"thumbnailUrl\":\"https:\\\/\\\/www.heritagemontreal.org\\\/wp-content\\\/uploads\\\/2025\\\/03\\\/infolettre_en_visuels_guides_benevoles_appel2025.jpg\",\"datePublished\":\"2025-03-17T17:37:38+00:00\",\"dateModified\":\"2025-03-17T20:31:06+00:00\",\"breadcrumb\":{\"@id\":\"https:\\\/\\\/www.heritagemontreal.org\\\/en\\\/volunteer-guides-needed-heritage-montreal\\\/#breadcrumb\"},\"inLanguage\":\"en-US\",\"potentialAction\":[{\"@type\":\"ReadAction\",\"target\":[\"https:\\\/\\\/www.heritagemontreal.org\\\/en\\\/volunteer-guides-needed-heritage-montreal\\\/\"]}]},{\"@type\":\"ImageObject\",\"inLanguage\":\"en-US\",\"@id\":\"https:\\\/\\\/www.heritagemontreal.org\\\/en\\\/volunteer-guides-needed-heritage-montreal\\\/#primaryimage\",\"url\":\"https:\\\/\\\/www.heritagemontreal.org\\\/wp-content\\\/uploads\\\/2025\\\/03\\\/infolettre_en_visuels_guides_benevoles_appel2025.jpg\",\"contentUrl\":\"https:\\\/\\\/www.heritagemontreal.org\\\/wp-content\\\/uploads\\\/2025\\\/03\\\/infolettre_en_visuels_guides_benevoles_appel2025.jpg\",\"width\":1200,\"height\":675},{\"@type\":\"BreadcrumbList\",\"@id\":\"https:\\\/\\\/www.heritagemontreal.org\\\/en\\\/volunteer-guides-needed-heritage-montreal\\\/#breadcrumb\",\"itemListElement\":[{\"@type\":\"ListItem\",\"position\":1,\"name\":\"Accueil\",\"item\":\"https:\\\/\\\/www.heritagemontreal.org\\\/en\\\/\"},{\"@type\":\"ListItem\",\"position\":2,\"name\":\"Volunteer guides needed\"}]},{\"@type\":\"WebSite\",\"@id\":\"https:\\\/\\\/www.heritagemontreal.org\\\/en\\\/#website\",\"url\":\"https:\\\/\\\/www.heritagemontreal.org\\\/en\\\/\",\"name\":\"H\u00e9ritage Montr\u00e9al - Pour Montr\u00e9al, pour vous.\",\"description\":\"H\u00e9ritage Montr\u00e9al\",\"alternateName\":\"H\u00e9ritage Montr\u00e9al\",\"potentialAction\":[{\"@type\":\"SearchAction\",\"target\":{\"@type\":\"EntryPoint\",\"urlTemplate\":\"https:\\\/\\\/www.heritagemontreal.org\\\/en\\\/?s={search_term_string}\"},\"query-input\":{\"@type\":\"PropertyValueSpecification\",\"valueRequired\":true,\"valueName\":\"search_term_string\"}}],\"inLanguage\":\"en-US\"}]}<\/script>\n<!-- \/ Yoast SEO Premium plugin. -->","yoast_head_json":{"title":"Volunteer guides needed &#8211; H\u00e9ritage Montr\u00e9al","robots":{"index":"index","follow":"follow","max-snippet":"max-snippet:-1","max-image-preview":"max-image-preview:large","max-video-preview":"max-video-preview:-1"},"canonical":"https:\/\/www.heritagemontreal.org\/en\/volunteer-guides-needed-heritage-montreal\/","og_locale":"en_US","og_type":"article","og_title":"Volunteer guides needed","og_description":"Guided tours Architectours\u00ae, 2025 edition Do you want to share your passion for Montreal and learn more about its architecture and history? Would you like to contribute to heritage awareness and promotion? Join H\u00e9ritage Montr\u00e9al&#8217;s team of volunteer guides! We are currently recruiting volunteer guides for our next edition of ArchitecTours\u00ae guided tours. Required qualities [&hellip;]","og_url":"https:\/\/www.heritagemontreal.org\/en\/volunteer-guides-needed-heritage-montreal\/","og_site_name":"H\u00e9ritage Montr\u00e9al","article_publisher":"https:\/\/www.facebook.com\/heritagemontreal","article_modified_time":"2025-03-17T20:31:06+00:00","og_image":[{"width":1200,"height":675,"url":"https:\/\/www.heritagemontreal.org\/wp-content\/uploads\/2025\/03\/infolettre_en_visuels_guides_benevoles_appel2025.jpg","type":"image\/jpeg"}],"twitter_card":"summary_large_image","twitter_site":"@heritagemtl","twitter_misc":{"Est. reading time":"3 minutes"},"schema":{"@context":"https:\/\/schema.org","@graph":[{"@type":"WebPage","@id":"https:\/\/www.heritagemontreal.org\/en\/volunteer-guides-needed-heritage-montreal\/","url":"https:\/\/www.heritagemontreal.org\/en\/volunteer-guides-needed-heritage-montreal\/","name":"Volunteer guides needed &#8211; H\u00e9ritage Montr\u00e9al","isPartOf":{"@id":"https:\/\/www.heritagemontreal.org\/en\/#website"},"primaryImageOfPage":{"@id":"https:\/\/www.heritagemontreal.org\/en\/volunteer-guides-needed-heritage-montreal\/#primaryimage"},"image":{"@id":"https:\/\/www.heritagemontreal.org\/en\/volunteer-guides-needed-heritage-montreal\/#primaryimage"},"thumbnailUrl":"https:\/\/www.heritagemontreal.org\/wp-content\/uploads\/2025\/03\/infolettre_en_visuels_guides_benevoles_appel2025.jpg","datePublished":"2025-03-17T17:37:38+00:00","dateModified":"2025-03-17T20:31:06+00:00","breadcrumb":{"@id":"https:\/\/www.heritagemontreal.org\/en\/volunteer-guides-needed-heritage-montreal\/#breadcrumb"},"inLanguage":"en-US","potentialAction":[{"@type":"ReadAction","target":["https:\/\/www.heritagemontreal.org\/en\/volunteer-guides-needed-heritage-montreal\/"]}]},{"@type":"ImageObject","inLanguage":"en-US","@id":"https:\/\/www.heritagemontreal.org\/en\/volunteer-guides-needed-heritage-montreal\/#primaryimage","url":"https:\/\/www.heritagemontreal.org\/wp-content\/uploads\/2025\/03\/infolettre_en_visuels_guides_benevoles_appel2025.jpg","contentUrl":"https:\/\/www.heritagemontreal.org\/wp-content\/uploads\/2025\/03\/infolettre_en_visuels_guides_benevoles_appel2025.jpg","width":1200,"height":675},{"@type":"BreadcrumbList","@id":"https:\/\/www.heritagemontreal.org\/en\/volunteer-guides-needed-heritage-montreal\/#breadcrumb","itemListElement":[{"@type":"ListItem","position":1,"name":"Accueil","item":"https:\/\/www.heritagemontreal.org\/en\/"},{"@type":"ListItem","position":2,"name":"Volunteer guides needed"}]},{"@type":"WebSite","@id":"https:\/\/www.heritagemontreal.org\/en\/#website","url":"https:\/\/www.heritagemontreal.org\/en\/","name":"H\u00e9ritage Montr\u00e9al - Pour Montr\u00e9al, pour vous.","description":"H\u00e9ritage Montr\u00e9al","alternateName":"H\u00e9ritage Montr\u00e9al","potentialAction":[{"@type":"SearchAction","target":{"@type":"EntryPoint","urlTemplate":"https:\/\/www.heritagemontreal.org\/en\/?s={search_term_string}"},"query-input":{"@type":"PropertyValueSpecification","valueRequired":true,"valueName":"search_term_string"}}],"inLanguage":"en-US"}]}},"_links":{"self":[{"href":"https:\/\/www.heritagemontreal.org\/en\/wp-json\/wp\/v2\/pages\/57002","targetHints":{"allow":["GET"]}}],"collection":[{"href":"https:\/\/www.heritagemontreal.org\/en\/wp-json\/wp\/v2\/pages"}],"about":[{"href":"https:\/\/www.heritagemontreal.org\/en\/wp-json\/wp\/v2\/types\/page"}],"author":[{"embeddable":true,"href":"https:\/\/www.heritagemontreal.org\/en\/wp-json\/wp\/v2\/users\/2"}],"replies":[{"embeddable":true,"href":"https:\/\/www.heritagemontreal.org\/en\/wp-json\/wp\/v2\/comments?post=57002"}],"version-history":[{"count":0,"href":"https:\/\/www.heritagemontreal.org\/en\/wp-json\/wp\/v2\/pages\/57002\/revisions"}],"wp:featuredmedia":[{"embeddable":true,"href":"https:\/\/www.heritagemontreal.org\/en\/wp-json\/wp\/v2\/media\/57020"}],"wp:attachment":[{"href":"https:\/\/www.heritagemontreal.org\/en\/wp-json\/wp\/v2\/media?parent=57002"}],"curies":[{"name":"wp","href":"https:\/\/api.w.org\/{rel}","templated":true}]}}