{"id":574,"date":"2015-08-20T15:24:22","date_gmt":"2015-08-20T20:24:22","guid":{"rendered":"http:\/\/heritage.dpthost.com\/les-sites-2\/"},"modified":"2020-09-14T14:28:48","modified_gmt":"2020-09-14T19:28:48","slug":"h-mtl-platform","status":"publish","type":"page","link":"https:\/\/www.heritagemontreal.org\/en\/h-mtl-platform\/","title":{"rendered":"Memento"},"content":{"rendered":"","protected":false},"excerpt":{"rendered":"","protected":false},"author":2,"featured_media":0,"parent":0,"menu_order":10,"comment_status":"closed","ping_status":"closed","template":"","meta":{"_acf_changed":false,"inline_featured_image":false,"footnotes":""},"class_list":["post-574","page","type-page","status-publish","hentry"],"acf":[],"yoast_head":"<!-- This site is optimized with the Yoast SEO Premium plugin v27.4 (Yoast SEO v27.4) - https:\/\/yoast.com\/product\/yoast-seo-premium-wordpress\/ -->\n<title>Memento &#8211; H\u00e9ritage Montr\u00e9al<\/title>\n<meta name=\"robots\" content=\"index, follow, max-snippet:-1, max-image-preview:large, max-video-preview:-1\" \/>\n<link rel=\"canonical\" href=\"https:\/\/www.heritagemontreal.org\/en\/h-mtl-platform\/\" \/>\n<meta property=\"og:locale\" content=\"en_US\" \/>\n<meta property=\"og:type\" content=\"article\" \/>\n<meta property=\"og:title\" content=\"Memento\" \/>\n<meta property=\"og:url\" content=\"https:\/\/www.heritagemontreal.org\/en\/h-mtl-platform\/\" \/>\n<meta property=\"og:site_name\" content=\"H\u00e9ritage Montr\u00e9al\" \/>\n<meta property=\"article:publisher\" content=\"https:\/\/www.facebook.com\/heritagemontreal\" \/>\n<meta property=\"article:modified_time\" content=\"2020-09-14T19:28:48+00:00\" \/>\n<meta property=\"og:image\" content=\"http:\/\/heritage.dpthost.com\/wp-content\/uploads\/2015\/08\/ogimageplateforme.jpg\" \/>\n<meta name=\"twitter:card\" content=\"summary_large_image\" \/>\n<meta name=\"twitter:site\" content=\"@heritagemtl\" \/>\n<script type=\"application\/ld+json\" class=\"yoast-schema-graph\">{\"@context\":\"https:\\\/\\\/schema.org\",\"@graph\":[{\"@type\":\"WebPage\",\"@id\":\"https:\\\/\\\/www.heritagemontreal.org\\\/en\\\/h-mtl-platform\\\/\",\"url\":\"https:\\\/\\\/www.heritagemontreal.org\\\/en\\\/h-mtl-platform\\\/\",\"name\":\"Memento &#8211; H\u00e9ritage Montr\u00e9al\",\"isPartOf\":{\"@id\":\"https:\\\/\\\/www.heritagemontreal.org\\\/en\\\/#website\"},\"datePublished\":\"2015-08-20T20:24:22+00:00\",\"dateModified\":\"2020-09-14T19:28:48+00:00\",\"breadcrumb\":{\"@id\":\"https:\\\/\\\/www.heritagemontreal.org\\\/en\\\/h-mtl-platform\\\/#breadcrumb\"},\"inLanguage\":\"en-US\",\"potentialAction\":[{\"@type\":\"ReadAction\",\"target\":[\"https:\\\/\\\/www.heritagemontreal.org\\\/en\\\/h-mtl-platform\\\/\"]}]},{\"@type\":\"BreadcrumbList\",\"@id\":\"https:\\\/\\\/www.heritagemontreal.org\\\/en\\\/h-mtl-platform\\\/#breadcrumb\",\"itemListElement\":[{\"@type\":\"ListItem\",\"position\":1,\"name\":\"Accueil\",\"item\":\"https:\\\/\\\/www.heritagemontreal.org\\\/en\\\/\"},{\"@type\":\"ListItem\",\"position\":2,\"name\":\"Memento\"}]},{\"@type\":\"WebSite\",\"@id\":\"https:\\\/\\\/www.heritagemontreal.org\\\/en\\\/#website\",\"url\":\"https:\\\/\\\/www.heritagemontreal.org\\\/en\\\/\",\"name\":\"H\u00e9ritage Montr\u00e9al - Pour Montr\u00e9al, pour vous.\",\"description\":\"H\u00e9ritage Montr\u00e9al\",\"alternateName\":\"H\u00e9ritage Montr\u00e9al\",\"potentialAction\":[{\"@type\":\"SearchAction\",\"target\":{\"@type\":\"EntryPoint\",\"urlTemplate\":\"https:\\\/\\\/www.heritagemontreal.org\\\/en\\\/?s={search_term_string}\"},\"query-input\":{\"@type\":\"PropertyValueSpecification\",\"valueRequired\":true,\"valueName\":\"search_term_string\"}}],\"inLanguage\":\"en-US\"}]}<\/script>\n<!-- \/ Yoast SEO Premium plugin. -->","yoast_head_json":{"title":"Memento &#8211; H\u00e9ritage Montr\u00e9al","robots":{"index":"index","follow":"follow","max-snippet":"max-snippet:-1","max-image-preview":"max-image-preview:large","max-video-preview":"max-video-preview:-1"},"canonical":"https:\/\/www.heritagemontreal.org\/en\/h-mtl-platform\/","og_locale":"en_US","og_type":"article","og_title":"Memento","og_url":"https:\/\/www.heritagemontreal.org\/en\/h-mtl-platform\/","og_site_name":"H\u00e9ritage Montr\u00e9al","article_publisher":"https:\/\/www.facebook.com\/heritagemontreal","article_modified_time":"2020-09-14T19:28:48+00:00","og_image":[{"url":"http:\/\/heritage.dpthost.com\/wp-content\/uploads\/2015\/08\/ogimageplateforme.jpg","type":"","width":"","height":""}],"twitter_card":"summary_large_image","twitter_site":"@heritagemtl","schema":{"@context":"https:\/\/schema.org","@graph":[{"@type":"WebPage","@id":"https:\/\/www.heritagemontreal.org\/en\/h-mtl-platform\/","url":"https:\/\/www.heritagemontreal.org\/en\/h-mtl-platform\/","name":"Memento &#8211; H\u00e9ritage Montr\u00e9al","isPartOf":{"@id":"https:\/\/www.heritagemontreal.org\/en\/#website"},"datePublished":"2015-08-20T20:24:22+00:00","dateModified":"2020-09-14T19:28:48+00:00","breadcrumb":{"@id":"https:\/\/www.heritagemontreal.org\/en\/h-mtl-platform\/#breadcrumb"},"inLanguage":"en-US","potentialAction":[{"@type":"ReadAction","target":["https:\/\/www.heritagemontreal.org\/en\/h-mtl-platform\/"]}]},{"@type":"BreadcrumbList","@id":"https:\/\/www.heritagemontreal.org\/en\/h-mtl-platform\/#breadcrumb","itemListElement":[{"@type":"ListItem","position":1,"name":"Accueil","item":"https:\/\/www.heritagemontreal.org\/en\/"},{"@type":"ListItem","position":2,"name":"Memento"}]},{"@type":"WebSite","@id":"https:\/\/www.heritagemontreal.org\/en\/#website","url":"https:\/\/www.heritagemontreal.org\/en\/","name":"H\u00e9ritage Montr\u00e9al - Pour Montr\u00e9al, pour vous.","description":"H\u00e9ritage Montr\u00e9al","alternateName":"H\u00e9ritage Montr\u00e9al","potentialAction":[{"@type":"SearchAction","target":{"@type":"EntryPoint","urlTemplate":"https:\/\/www.heritagemontreal.org\/en\/?s={search_term_string}"},"query-input":{"@type":"PropertyValueSpecification","valueRequired":true,"valueName":"search_term_string"}}],"inLanguage":"en-US"}]}},"_links":{"self":[{"href":"https:\/\/www.heritagemontreal.org\/en\/wp-json\/wp\/v2\/pages\/574","targetHints":{"allow":["GET"]}}],"collection":[{"href":"https:\/\/www.heritagemontreal.org\/en\/wp-json\/wp\/v2\/pages"}],"about":[{"href":"https:\/\/www.heritagemontreal.org\/en\/wp-json\/wp\/v2\/types\/page"}],"author":[{"embeddable":true,"href":"https:\/\/www.heritagemontreal.org\/en\/wp-json\/wp\/v2\/users\/2"}],"replies":[{"embeddable":true,"href":"https:\/\/www.heritagemontreal.org\/en\/wp-json\/wp\/v2\/comments?post=574"}],"version-history":[{"count":0,"href":"https:\/\/www.heritagemontreal.org\/en\/wp-json\/wp\/v2\/pages\/574\/revisions"}],"wp:attachment":[{"href":"https:\/\/www.heritagemontreal.org\/en\/wp-json\/wp\/v2\/media?parent=574"}],"curies":[{"name":"wp","href":"https:\/\/api.w.org\/{rel}","templated":true}]}}